{"id":1734,"date":"2025-12-18T10:47:53","date_gmt":"2025-12-18T10:47:53","guid":{"rendered":"https:\/\/centerstoresav.fr\/index.php\/a-propos\/"},"modified":"2025-12-18T15:29:08","modified_gmt":"2025-12-18T15:29:08","slug":"a-propos","status":"publish","type":"page","link":"https:\/\/centerstoresav.fr\/index.php\/a-propos\/","title":{"rendered":"A Propos"},"content":{"rendered":"\n<div class=\"wp-block-group alignfull is-content-justification-center is-layout-constrained wp-container-core-group-is-layout-df757ecc wp-block-group-is-layout-constrained\" style=\"margin-top:0;margin-bottom:0;padding-top:calc( 0.5 * var(--wp--style--root--padding-right, var(--wp--custom--gap--horizontal)));padding-right:var(--wp--style--root--padding-right, var(--wp--custom--gap--horizontal));padding-bottom:calc( 0.5 * var(--wp--style--root--padding-right, var(--wp--custom--gap--horizontal)));padding-left:var(--wp--style--root--padding-left, var(--wp--custom--gap--horizontal))\">\n<div style=\"height:calc( 0.25 * var(--wp--style--root--padding-right, var(--wp--custom--gap--horizontal)))\" aria-hidden=\"true\" class=\"wp-block-spacer\"><\/div>\n\n\n\n<div class=\"wp-block-columns alignwide are-vertically-aligned-center is-layout-flex wp-container-core-columns-is-layout-7fc3d43a wp-block-columns-is-layout-flex\">\n<div class=\"wp-block-column is-vertically-aligned-center is-layout-flow wp-block-column-is-layout-flow\">\n<figure class=\"wp-block-image size-full\"><img decoding=\"async\" src=\"https:\/\/centerstoresav.fr\/wp-content\/plugins\/woocommerce\/assets\/images\/pattern-placeholders\/drinkware-liquid-tableware-dishware-bottle-fluid.jpg\" alt=\"\" class=\"wp-image-13699\" style=\"aspect-ratio:1;object-fit:cover\"\/><\/figure>\n<\/div>\n\n\n\n<div class=\"wp-block-column is-vertically-aligned-center is-layout-flow wp-block-column-is-layout-flow\">\n<h2 class=\"wp-block-heading alignwide\">Engag\u00e9s pour un mode de vie plus \u00e9cologique<\/h2>\n\n\n\n<p>Notre passion consiste \u00e0 cr\u00e9er des moments responsables avec des produits durables, bio et locaux. Plus qu\u2019une boutique, nous vous montrons la voie vers un mode de vie \u00e9cologique ax\u00e9 sur la communaut\u00e9 et misant sur la qualit\u00e9 Premium.<\/p>\n\n\n\n<div class=\"wp-block-buttons is-layout-flex wp-block-buttons-is-layout-flex\">\n<div class=\"wp-block-button\"><a class=\"wp-block-button__link wp-element-button\">Nous rencontrer<\/a><\/div>\n<\/div>\n<\/div>\n<\/div>\n\n\n\n<div style=\"height:calc( 0.25 * var(--wp--style--root--padding-right, var(--wp--custom--gap--horizontal)))\" aria-hidden=\"true\" class=\"wp-block-spacer\"><\/div>\n<\/div>\n","protected":false},"excerpt":{"rendered":"<p>Engag\u00e9s pour un mode de vie plus \u00e9cologique Notre passion consiste \u00e0 cr\u00e9er des moments responsables avec des produits durables, bio et locaux. Plus qu\u2019une boutique, nous vous montrons la voie vers un mode de vie \u00e9cologique ax\u00e9 sur la communaut\u00e9 et misant sur la qualit\u00e9 Premium.<\/p>\n","protected":false},"author":1,"featured_media":0,"parent":0,"menu_order":0,"comment_status":"closed","ping_status":"closed","template":"page-sitemap-template","meta":{"footnotes":""},"class_list":["post-1734","page","type-page","status-publish","hentry"],"featured_media_urls":[],"_links":{"self":[{"href":"https:\/\/centerstoresav.fr\/index.php\/wp-json\/wp\/v2\/pages\/1734","targetHints":{"allow":["GET"]}}],"collection":[{"href":"https:\/\/centerstoresav.fr\/index.php\/wp-json\/wp\/v2\/pages"}],"about":[{"href":"https:\/\/centerstoresav.fr\/index.php\/wp-json\/wp\/v2\/types\/page"}],"author":[{"embeddable":true,"href":"https:\/\/centerstoresav.fr\/index.php\/wp-json\/wp\/v2\/users\/1"}],"replies":[{"embeddable":true,"href":"https:\/\/centerstoresav.fr\/index.php\/wp-json\/wp\/v2\/comments?post=1734"}],"version-history":[{"count":2,"href":"https:\/\/centerstoresav.fr\/index.php\/wp-json\/wp\/v2\/pages\/1734\/revisions"}],"predecessor-version":[{"id":1749,"href":"https:\/\/centerstoresav.fr\/index.php\/wp-json\/wp\/v2\/pages\/1734\/revisions\/1749"}],"wp:attachment":[{"href":"https:\/\/centerstoresav.fr\/index.php\/wp-json\/wp\/v2\/media?parent=1734"}],"curies":[{"name":"wp","href":"https:\/\/api.w.org\/{rel}","templated":true}]}}